{"id":5,"date":"2019-08-16T09:24:00","date_gmt":"2019-08-16T07:24:00","guid":{"rendered":"https:\/\/thejasiens.com\/wedding\/?page_id=5"},"modified":"2020-03-04T12:07:18","modified_gmt":"2020-03-04T11:07:18","slug":"elementor-5","status":"publish","type":"page","link":"https:\/\/thejasiens.com\/wedding\/","title":{"rendered":"Wedding"},"content":{"rendered":"\t\t<div data-elementor-type=\"wp-post\" data-elementor-id=\"5\" class=\"elementor elementor-5\">\n\t\t\t\t\t\t<section class=\"elementor-section elementor-top-section elementor-element elementor-element-31caeef elementor-section-stretched elementor-section-full_width elementor-section-height-min-height elementor-section-height-default elementor-section-items-middle\" data-id=\"31caeef\" data-element_type=\"section\" data-e-type=\"section\" data-settings=\"{&quot;stretch_section&quot;:&quot;section-stretched&quot;,&quot;background_background&quot;:&quot;video&quot;,&quot;animation&quot;:&quot;none&quot;,&quot;background_video_link&quot;:&quot;https:\\\/\\\/www.thejasiens.com\\\/wedding\\\/video\\\/04_main.mp4&quot;,&quot;background_video_start&quot;:10}\">\n\t\t\t\t\t\t\t\t<div class=\"elementor-background-video-container elementor-hidden-mobile\">\n\t\t\t\t\t\t\t\t\t\t\t\t\t<video class=\"elementor-background-video-hosted\" role=\"presentation\" autoplay muted playsinline loop><\/video>\n\t\t\t\t\t\t\t\t\t\t\t<\/div>\n\t\t\t\t\t\t\t\t<div class=\"elementor-container elementor-column-gap-default\">\n\t\t\t\t\t<div class=\"elementor-column elementor-col-100 elementor-top-column elementor-element elementor-element-276078f\" data-id=\"276078f\" data-element_type=\"column\" data-e-type=\"column\">\n\t\t\t<div class=\"elementor-widget-wrap\">\n\t\t\t\t\t\t\t<\/div>\n\t\t<\/div>\n\t\t\t\t\t<\/div>\n\t\t<\/section>\n\t\t\t\t<section class=\"elementor-section elementor-top-section elementor-element elementor-element-854bd9c elementor-section-boxed elementor-section-height-default elementor-section-height-default\" data-id=\"854bd9c\" data-element_type=\"section\" data-e-type=\"section\" data-settings=\"{&quot;background_background&quot;:&quot;classic&quot;}\">\n\t\t\t\t\t\t<div class=\"elementor-container elementor-column-gap-default\">\n\t\t\t\t\t<div class=\"elementor-column elementor-col-100 elementor-top-column elementor-element elementor-element-77d1289\" data-id=\"77d1289\" data-element_type=\"column\" data-e-type=\"column\">\n\t\t\t<div class=\"elementor-widget-wrap elementor-element-populated\">\n\t\t\t\t\t\t<div class=\"elementor-element elementor-element-5a357a7 elementor-widget elementor-widget-menu-anchor\" data-id=\"5a357a7\" data-element_type=\"widget\" data-e-type=\"widget\" data-widget_type=\"menu-anchor.default\">\n\t\t\t\t<div class=\"elementor-widget-container\">\n\t\t\t\t\t\t\t<div class=\"elementor-menu-anchor\" id=\"our_story\"><\/div>\n\t\t\t\t\t\t<\/div>\n\t\t\t\t<\/div>\n\t\t\t\t<div class=\"elementor-element elementor-element-90ae3dd elementor-invisible elementor-widget elementor-widget-heading\" data-id=\"90ae3dd\" data-element_type=\"widget\" data-e-type=\"widget\" data-settings=\"{&quot;_animation&quot;:&quot;zoomIn&quot;}\" data-widget_type=\"heading.default\">\n\t\t\t\t<div class=\"elementor-widget-container\">\n\t\t\t\t\t<p class=\"elementor-heading-title elementor-size-default\">Our Story<\/p>\t\t\t\t<\/div>\n\t\t\t\t<\/div>\n\t\t\t\t<div class=\"elementor-element elementor-element-569acc5 animated-slow elementor-invisible elementor-widget elementor-widget-text-editor\" data-id=\"569acc5\" data-element_type=\"widget\" data-e-type=\"widget\" data-settings=\"{&quot;_animation&quot;:&quot;fadeIn&quot;}\" data-widget_type=\"text-editor.default\">\n\t\t\t\t<div class=\"elementor-widget-container\">\n\t\t\t\t\t\t\t\t\t<p><em>Nathan and \u0160\u00e1rka met in August of 2015. They were both online, viewed each other\u2019s profiles, and quickly made contact. The next day, <span style=\"color: #ff0000;\">August 10<\/span>, they met for dinner and quickly became best friends. For the next 18 months, they fell in love and traveled to many places. Nathan proposed to \u0160\u00e1rka in February of 2017 during their favorite board game of scrabble and she said YES! They got married at the courthouse in Chicago on February 4 of 2017. Now they want to celebrate their love for each other with all their family and friends in Kutn\u00e1 Hora, \u0160\u00e1rka&#8217;s hometown.<\/em><\/p>\t\t\t\t\t\t\t\t<\/div>\n\t\t\t\t<\/div>\n\t\t\t\t\t<\/div>\n\t\t<\/div>\n\t\t\t\t\t<\/div>\n\t\t<\/section>\n\t\t\t\t<section class=\"elementor-section elementor-top-section elementor-element elementor-element-20ed641 elementor-section-boxed elementor-section-height-default elementor-section-height-default\" data-id=\"20ed641\" data-element_type=\"section\" data-e-type=\"section\">\n\t\t\t\t\t\t<div class=\"elementor-container elementor-column-gap-default\">\n\t\t\t\t\t<div class=\"elementor-column elementor-col-100 elementor-top-column elementor-element elementor-element-b54c11e\" data-id=\"b54c11e\" data-element_type=\"column\" data-e-type=\"column\">\n\t\t\t<div class=\"elementor-widget-wrap elementor-element-populated\">\n\t\t\t\t\t\t<div class=\"elementor-element elementor-element-a0e7da6 elementor-widget elementor-widget-menu-anchor\" data-id=\"a0e7da6\" data-element_type=\"widget\" data-e-type=\"widget\" data-widget_type=\"menu-anchor.default\">\n\t\t\t\t<div class=\"elementor-widget-container\">\n\t\t\t\t\t\t\t<div class=\"elementor-menu-anchor\" id=\"vows\"><\/div>\n\t\t\t\t\t\t<\/div>\n\t\t\t\t<\/div>\n\t\t\t\t<div class=\"elementor-element elementor-element-ce7cb3b elementor-invisible elementor-widget elementor-widget-heading\" data-id=\"ce7cb3b\" data-element_type=\"widget\" data-e-type=\"widget\" data-settings=\"{&quot;_animation&quot;:&quot;zoomIn&quot;}\" data-widget_type=\"heading.default\">\n\t\t\t\t<div class=\"elementor-widget-container\">\n\t\t\t\t\t<p class=\"elementor-heading-title elementor-size-default\">Vows<\/p>\t\t\t\t<\/div>\n\t\t\t\t<\/div>\n\t\t\t\t<section class=\"elementor-section elementor-inner-section elementor-element elementor-element-bfeb2e9 elementor-section-boxed elementor-section-height-default elementor-section-height-default\" data-id=\"bfeb2e9\" data-element_type=\"section\" data-e-type=\"section\">\n\t\t\t\t\t\t<div class=\"elementor-container elementor-column-gap-default\">\n\t\t\t\t\t<div class=\"elementor-column elementor-col-50 elementor-inner-column elementor-element elementor-element-2243137\" data-id=\"2243137\" data-element_type=\"column\" data-e-type=\"column\">\n\t\t\t<div class=\"elementor-widget-wrap elementor-element-populated\">\n\t\t\t\t\t\t<div class=\"elementor-element elementor-element-b140b7b animated-slow elementor-invisible elementor-widget elementor-widget-text-editor\" data-id=\"b140b7b\" data-element_type=\"widget\" data-e-type=\"widget\" data-settings=\"{&quot;_animation&quot;:&quot;fadeInLeft&quot;}\" data-widget_type=\"text-editor.default\">\n\t\t\t\t<div class=\"elementor-widget-container\">\n\t\t\t\t\t\t\t\t\t<p style=\"text-align: justify;\"><em>Sarka, <\/em>\n<em>your beauty takes my breath away. Every day I see more beauty shining from you, I will only love you more every day. I vow to love, honor, and cherish you, putting you before all others, for as long as we both live. I promise to be your faithful husband and to love you through sickness and in health, through troubles and in peace. I vow to always protect you from harm, to stand with you against your troubles, and to look to you when I am troubled. You are the most important person in my life, my lover, my partner, my best friend and no one will stand between us. I turn to God to support me in my desire to be a worthy husband of your love. I know that this is His plan for us to be together forever. I love you not only for who you are, but for what you make me- the best person I can be. With you, I see only light and love. I promise to lift you up and support you through all of life\u2019s crossroads. I will be your rock that you can trust and depend on to be with you through any hardship and celebration. You have a light in your eyes that enter my soul and lift my spirit. I will keep the light shining with my devotion and love for you.<\/em><\/p>\t\t\t\t\t\t\t\t<\/div>\n\t\t\t\t<\/div>\n\t\t\t\t\t<\/div>\n\t\t<\/div>\n\t\t\t\t<div class=\"elementor-column elementor-col-50 elementor-inner-column elementor-element elementor-element-bf0b405\" data-id=\"bf0b405\" data-element_type=\"column\" data-e-type=\"column\">\n\t\t\t<div class=\"elementor-widget-wrap elementor-element-populated\">\n\t\t\t\t\t\t<div class=\"elementor-element elementor-element-afb8dc7 animated-slow elementor-invisible elementor-widget elementor-widget-text-editor\" data-id=\"afb8dc7\" data-element_type=\"widget\" data-e-type=\"widget\" data-settings=\"{&quot;_animation&quot;:&quot;fadeInRight&quot;}\" data-widget_type=\"text-editor.default\">\n\t\t\t\t<div class=\"elementor-widget-container\">\n\t\t\t\t\t\t\t\t\t<p style=\"text-align: justify;\"><em>Nate,<\/em>\n<em>when I first laid my eyes on you, I had no idea you are going to change my life completely and that I will learn so many things from you. You taught me patience, forgiveness, what unconditional love really means and how important it is to trust God. It is very clear to me that everything that happened before you has led me to you. And that we were meant to be. I do consider all my choices, even the bad ones, blessed because if I did act differently, we wouldn\u2019t have stood in this beautiful place with the most important people in our lives. I love everything about you Nate. I love your smile, your kindness, your good heart and how thoughtful you are. I love every single minute we can spend with each other. Our small and big talks. I love how you look at me and listen to what I have to say. I promise I will always put you first. I will always support you and your passion to catch every weird living creature in the woods. I promise to hold your hand through the good times and through the bad times. And I promise I will love you always and forever.<\/em><\/p>\t\t\t\t\t\t\t\t<\/div>\n\t\t\t\t<\/div>\n\t\t\t\t\t<\/div>\n\t\t<\/div>\n\t\t\t\t\t<\/div>\n\t\t<\/section>\n\t\t\t\t\t<\/div>\n\t\t<\/div>\n\t\t\t\t\t<\/div>\n\t\t<\/section>\n\t\t\t\t<section class=\"elementor-section elementor-top-section elementor-element elementor-element-6c4a1c3 elementor-section-boxed elementor-section-height-default elementor-section-height-default\" data-id=\"6c4a1c3\" data-element_type=\"section\" data-e-type=\"section\">\n\t\t\t\t\t\t<div class=\"elementor-container elementor-column-gap-default\">\n\t\t\t\t\t<div class=\"elementor-column elementor-col-100 elementor-top-column elementor-element elementor-element-0b5e7ea\" data-id=\"0b5e7ea\" data-element_type=\"column\" data-e-type=\"column\">\n\t\t\t<div class=\"elementor-widget-wrap elementor-element-populated\">\n\t\t\t\t\t\t<div class=\"elementor-element elementor-element-23659e8 elementor-widget elementor-widget-menu-anchor\" data-id=\"23659e8\" data-element_type=\"widget\" data-e-type=\"widget\" data-widget_type=\"menu-anchor.default\">\n\t\t\t\t<div class=\"elementor-widget-container\">\n\t\t\t\t\t\t\t<div class=\"elementor-menu-anchor\" id=\"toast\"><\/div>\n\t\t\t\t\t\t<\/div>\n\t\t\t\t<\/div>\n\t\t\t\t<div class=\"elementor-element elementor-element-57516af elementor-invisible elementor-widget elementor-widget-heading\" data-id=\"57516af\" data-element_type=\"widget\" data-e-type=\"widget\" data-settings=\"{&quot;_animation&quot;:&quot;zoomIn&quot;}\" data-widget_type=\"heading.default\">\n\t\t\t\t<div class=\"elementor-widget-container\">\n\t\t\t\t\t<p class=\"elementor-heading-title elementor-size-default\">Toast<\/p>\t\t\t\t<\/div>\n\t\t\t\t<\/div>\n\t\t\t\t<section class=\"elementor-section elementor-inner-section elementor-element elementor-element-7aa2ec1 elementor-section-boxed elementor-section-height-default elementor-section-height-default\" data-id=\"7aa2ec1\" data-element_type=\"section\" data-e-type=\"section\">\n\t\t\t\t\t\t<div class=\"elementor-container elementor-column-gap-default\">\n\t\t\t\t\t<div class=\"elementor-column elementor-col-100 elementor-inner-column elementor-element elementor-element-2ae3700\" data-id=\"2ae3700\" data-element_type=\"column\" data-e-type=\"column\">\n\t\t\t<div class=\"elementor-widget-wrap elementor-element-populated\">\n\t\t\t\t\t\t<div class=\"elementor-element elementor-element-56f4560 animated-slow elementor-invisible elementor-widget elementor-widget-text-editor\" data-id=\"56f4560\" data-element_type=\"widget\" data-e-type=\"widget\" data-settings=\"{&quot;_animation&quot;:&quot;fadeInUp&quot;}\" data-widget_type=\"text-editor.default\">\n\t\t\t\t<div class=\"elementor-widget-container\">\n\t\t\t\t\t\t\t\t\t<p style=\"text-align: justify;\"><em>Dear guests.<br \/><\/em><em>It is an honor for us to make a short wedding speech.<br \/><\/em><em>Today&#8217;s wedding of \u0160\u00e1rka and Nate is a celebration of their affectionate relationship.<br \/><\/em><em>Today it is exactly four years when they had dinner together for the first time and became friends for life.<br \/><\/em><em>When \u0160\u00e1rka told us back then that she was going to America to do au pairs, we just thought: &#8222;Just don&#8217;t find a guy and don\u2019t stay there!&#8220; What do you think? She found one.<br \/><\/em><em>But when we saw her happy and loved, our selfish feelings had to go aside. Thanks to this decision, Nate and \u0160\u00e1rka found life love and support in each other. The two halves, which complement each other perfectly, form a perfect whole.<br \/><\/em><em>We wish you always had time to scrabble together so that your marital life is fragrant with love, respect and understanding.<br \/><\/em><em>Finally, one marriage counsel for each of you.<br \/><\/em><em>\u0160\u00e1ri: Say your wishes and ideas aloud because no one can see you in your head.<br \/><\/em><em>Nate: Sometimes you have to decide if you want to be right or quiet.<br \/><\/em><em>Be happy.<br \/><\/em><em>We love you.<\/em><\/p>\t\t\t\t\t\t\t\t<\/div>\n\t\t\t\t<\/div>\n\t\t\t\t\t<\/div>\n\t\t<\/div>\n\t\t\t\t\t<\/div>\n\t\t<\/section>\n\t\t\t\t\t<\/div>\n\t\t<\/div>\n\t\t\t\t\t<\/div>\n\t\t<\/section>\n\t\t\t\t<section class=\"elementor-section elementor-top-section elementor-element elementor-element-e5459c7 elementor-section-boxed elementor-section-height-default elementor-section-height-default\" data-id=\"e5459c7\" data-element_type=\"section\" data-e-type=\"section\">\n\t\t\t\t\t\t<div class=\"elementor-container elementor-column-gap-default\">\n\t\t\t\t\t<div class=\"elementor-column elementor-col-100 elementor-top-column elementor-element elementor-element-5e70b4b\" data-id=\"5e70b4b\" data-element_type=\"column\" data-e-type=\"column\">\n\t\t\t<div class=\"elementor-widget-wrap elementor-element-populated\">\n\t\t\t\t\t\t<div class=\"elementor-element elementor-element-d92dfcc elementor-widget elementor-widget-menu-anchor\" data-id=\"d92dfcc\" data-element_type=\"widget\" data-e-type=\"widget\" data-widget_type=\"menu-anchor.default\">\n\t\t\t\t<div class=\"elementor-widget-container\">\n\t\t\t\t\t\t\t<div class=\"elementor-menu-anchor\" id=\"photos\"><\/div>\n\t\t\t\t\t\t<\/div>\n\t\t\t\t<\/div>\n\t\t\t\t<div class=\"elementor-element elementor-element-c1c1988 elementor-invisible elementor-widget elementor-widget-heading\" data-id=\"c1c1988\" data-element_type=\"widget\" data-e-type=\"widget\" data-settings=\"{&quot;_animation&quot;:&quot;zoomIn&quot;}\" data-widget_type=\"heading.default\">\n\t\t\t\t<div class=\"elementor-widget-container\">\n\t\t\t\t\t<p class=\"elementor-heading-title elementor-size-default\">Photos<\/p>\t\t\t\t<\/div>\n\t\t\t\t<\/div>\n\t\t\t\t<section class=\"elementor-section elementor-inner-section elementor-element elementor-element-6064bfe animated-slow elementor-section-boxed elementor-section-height-default elementor-section-height-default elementor-invisible\" data-id=\"6064bfe\" data-element_type=\"section\" data-e-type=\"section\" data-settings=\"{&quot;animation&quot;:&quot;fadeIn&quot;}\">\n\t\t\t\t\t\t<div class=\"elementor-container elementor-column-gap-default\">\n\t\t\t\t\t<div class=\"elementor-column elementor-col-33 elementor-inner-column elementor-element elementor-element-f0b987a\" data-id=\"f0b987a\" data-element_type=\"column\" data-e-type=\"column\">\n\t\t\t<div class=\"elementor-widget-wrap elementor-element-populated\">\n\t\t\t\t\t\t<div class=\"elementor-element elementor-element-ab1b287 elementor-widget elementor-widget-image\" data-id=\"ab1b287\" data-element_type=\"widget\" data-e-type=\"widget\" data-widget_type=\"image.default\">\n\t\t\t\t<div class=\"elementor-widget-container\">\n\t\t\t\t\t\t\t\t\t\t\t\t<figure class=\"wp-caption\">\n\t\t\t\t\t\t\t\t\t\t\t<a href=\"https:\/\/photos.app.goo.gl\/hnzT3KB3CkRpEB589\" target=\"_blank\">\n\t\t\t\t\t\t\t<img fetchpriority=\"high\" decoding=\"async\" width=\"825\" height=\"551\" src=\"https:\/\/thejasiens.com\/wedding\/wp-content\/uploads\/2019\/08\/IMG-dcb677b1afec376b6cea051f120535dc-V-1024x684.jpg\" class=\"attachment-large size-large wp-image-86\" alt=\"\" srcset=\"https:\/\/thejasiens.com\/wedding\/wp-content\/uploads\/2019\/08\/IMG-dcb677b1afec376b6cea051f120535dc-V-1024x684.jpg 1024w, https:\/\/thejasiens.com\/wedding\/wp-content\/uploads\/2019\/08\/IMG-dcb677b1afec376b6cea051f120535dc-V-300x200.jpg 300w, https:\/\/thejasiens.com\/wedding\/wp-content\/uploads\/2019\/08\/IMG-dcb677b1afec376b6cea051f120535dc-V-768x513.jpg 768w, https:\/\/thejasiens.com\/wedding\/wp-content\/uploads\/2019\/08\/IMG-dcb677b1afec376b6cea051f120535dc-V.jpg 1280w\" sizes=\"(max-width: 825px) 100vw, 825px\" \/>\t\t\t\t\t\t\t\t<\/a>\n\t\t\t\t\t\t\t\t\t\t\t<figcaption class=\"widget-image-caption wp-caption-text\">Professional<\/figcaption>\n\t\t\t\t\t\t\t\t\t\t<\/figure>\n\t\t\t\t\t\t\t\t\t<\/div>\n\t\t\t\t<\/div>\n\t\t\t\t\t<\/div>\n\t\t<\/div>\n\t\t\t\t<div class=\"elementor-column elementor-col-33 elementor-inner-column elementor-element elementor-element-b58b652\" data-id=\"b58b652\" data-element_type=\"column\" data-e-type=\"column\">\n\t\t\t<div class=\"elementor-widget-wrap elementor-element-populated\">\n\t\t\t\t\t\t<div class=\"elementor-element elementor-element-0b08352 elementor-widget elementor-widget-image\" data-id=\"0b08352\" data-element_type=\"widget\" data-e-type=\"widget\" data-widget_type=\"image.default\">\n\t\t\t\t<div class=\"elementor-widget-container\">\n\t\t\t\t\t\t\t\t\t\t\t\t<figure class=\"wp-caption\">\n\t\t\t\t\t\t\t\t\t\t\t<a href=\"https:\/\/photos.app.goo.gl\/Vq3ifJdoPZTteMKo9\" target=\"_blank\">\n\t\t\t\t\t\t\t<img decoding=\"async\" width=\"825\" height=\"551\" src=\"https:\/\/thejasiens.com\/wedding\/wp-content\/uploads\/2019\/08\/IMG-718efa5367772a2adadeae7b1fcc80f5-V-1024x684.jpg\" class=\"attachment-large size-large wp-image-105\" alt=\"\" srcset=\"https:\/\/thejasiens.com\/wedding\/wp-content\/uploads\/2019\/08\/IMG-718efa5367772a2adadeae7b1fcc80f5-V-1024x684.jpg 1024w, https:\/\/thejasiens.com\/wedding\/wp-content\/uploads\/2019\/08\/IMG-718efa5367772a2adadeae7b1fcc80f5-V-300x200.jpg 300w, https:\/\/thejasiens.com\/wedding\/wp-content\/uploads\/2019\/08\/IMG-718efa5367772a2adadeae7b1fcc80f5-V-768x513.jpg 768w, https:\/\/thejasiens.com\/wedding\/wp-content\/uploads\/2019\/08\/IMG-718efa5367772a2adadeae7b1fcc80f5-V.jpg 1262w\" sizes=\"(max-width: 825px) 100vw, 825px\" \/>\t\t\t\t\t\t\t\t<\/a>\n\t\t\t\t\t\t\t\t\t\t\t<figcaption class=\"widget-image-caption wp-caption-text\">Various<\/figcaption>\n\t\t\t\t\t\t\t\t\t\t<\/figure>\n\t\t\t\t\t\t\t\t\t<\/div>\n\t\t\t\t<\/div>\n\t\t\t\t\t<\/div>\n\t\t<\/div>\n\t\t\t\t<div class=\"elementor-column elementor-col-33 elementor-inner-column elementor-element elementor-element-646eba7\" data-id=\"646eba7\" data-element_type=\"column\" data-e-type=\"column\">\n\t\t\t<div class=\"elementor-widget-wrap elementor-element-populated\">\n\t\t\t\t\t\t<div class=\"elementor-element elementor-element-de66682 elementor-widget elementor-widget-image\" data-id=\"de66682\" data-element_type=\"widget\" data-e-type=\"widget\" data-widget_type=\"image.default\">\n\t\t\t\t<div class=\"elementor-widget-container\">\n\t\t\t\t\t\t\t\t\t\t\t\t<figure class=\"wp-caption\">\n\t\t\t\t\t\t\t\t\t\t\t<a href=\"https:\/\/photos.app.goo.gl\/H2BS4AbiSeS2pV5z5\" target=\"_blank\">\n\t\t\t\t\t\t\t<img decoding=\"async\" width=\"825\" height=\"550\" src=\"https:\/\/thejasiens.com\/wedding\/wp-content\/uploads\/2019\/08\/DSC_2036-1024x683.jpg\" class=\"attachment-large size-large wp-image-87\" alt=\"\" srcset=\"https:\/\/thejasiens.com\/wedding\/wp-content\/uploads\/2019\/08\/DSC_2036-1024x683.jpg 1024w, https:\/\/thejasiens.com\/wedding\/wp-content\/uploads\/2019\/08\/DSC_2036-300x200.jpg 300w, https:\/\/thejasiens.com\/wedding\/wp-content\/uploads\/2019\/08\/DSC_2036-768x513.jpg 768w, https:\/\/thejasiens.com\/wedding\/wp-content\/uploads\/2019\/08\/DSC_2036.jpg 1263w\" sizes=\"(max-width: 825px) 100vw, 825px\" \/>\t\t\t\t\t\t\t\t<\/a>\n\t\t\t\t\t\t\t\t\t\t\t<figcaption class=\"widget-image-caption wp-caption-text\">Decorations<\/figcaption>\n\t\t\t\t\t\t\t\t\t\t<\/figure>\n\t\t\t\t\t\t\t\t\t<\/div>\n\t\t\t\t<\/div>\n\t\t\t\t\t<\/div>\n\t\t<\/div>\n\t\t\t\t\t<\/div>\n\t\t<\/section>\n\t\t\t\t\t<\/div>\n\t\t<\/div>\n\t\t\t\t\t<\/div>\n\t\t<\/section>\n\t\t\t\t<section class=\"elementor-section elementor-top-section elementor-element elementor-element-8ff6059 elementor-section-boxed elementor-section-height-default elementor-section-height-default\" data-id=\"8ff6059\" data-element_type=\"section\" data-e-type=\"section\">\n\t\t\t\t\t\t<div class=\"elementor-container elementor-column-gap-default\">\n\t\t\t\t\t<div class=\"elementor-column elementor-col-100 elementor-top-column elementor-element elementor-element-9f33abd\" data-id=\"9f33abd\" data-element_type=\"column\" data-e-type=\"column\">\n\t\t\t<div class=\"elementor-widget-wrap elementor-element-populated\">\n\t\t\t\t\t\t<div class=\"elementor-element elementor-element-804da52 elementor-widget elementor-widget-menu-anchor\" data-id=\"804da52\" data-element_type=\"widget\" data-e-type=\"widget\" data-widget_type=\"menu-anchor.default\">\n\t\t\t\t<div class=\"elementor-widget-container\">\n\t\t\t\t\t\t\t<div class=\"elementor-menu-anchor\" id=\"videos\"><\/div>\n\t\t\t\t\t\t<\/div>\n\t\t\t\t<\/div>\n\t\t\t\t<div class=\"elementor-element elementor-element-1fd5ec0 elementor-invisible elementor-widget elementor-widget-heading\" data-id=\"1fd5ec0\" data-element_type=\"widget\" data-e-type=\"widget\" data-settings=\"{&quot;_animation&quot;:&quot;zoomIn&quot;}\" data-widget_type=\"heading.default\">\n\t\t\t\t<div class=\"elementor-widget-container\">\n\t\t\t\t\t<p class=\"elementor-heading-title elementor-size-default\">Videos<\/p>\t\t\t\t<\/div>\n\t\t\t\t<\/div>\n\t\t\t\t<div class=\"elementor-element elementor-element-78106fc elementor-widget__width-initial elementor-widget elementor-widget-video\" data-id=\"78106fc\" data-element_type=\"widget\" data-e-type=\"widget\" data-settings=\"{&quot;video_type&quot;:&quot;hosted&quot;,&quot;controls&quot;:&quot;yes&quot;}\" data-widget_type=\"video.default\">\n\t\t\t\t<div class=\"elementor-widget-container\">\n\t\t\t\t\t\t\t<div class=\"e-hosted-video elementor-wrapper elementor-open-inline\">\n\t\t\t\t\t<video class=\"elementor-video\" src=\"https:\/\/www.thejasiens.com\/wedding\/video\/04_main.mp4\" controls=\"\" preload=\"metadata\"><\/video>\n\t\t\t\t<\/div>\n\t\t\t\t\t\t<\/div>\n\t\t\t\t<\/div>\n\t\t\t\t<div class=\"elementor-element elementor-element-f6f7352 elementor-widget__width-initial elementor-widget elementor-widget-video\" data-id=\"f6f7352\" data-element_type=\"widget\" data-e-type=\"widget\" data-settings=\"{&quot;video_type&quot;:&quot;hosted&quot;,&quot;controls&quot;:&quot;yes&quot;}\" data-widget_type=\"video.default\">\n\t\t\t\t<div class=\"elementor-widget-container\">\n\t\t\t\t\t\t\t<div class=\"e-hosted-video elementor-wrapper elementor-open-inline\">\n\t\t\t\t\t<video class=\"elementor-video\" src=\"https:\/\/www.thejasiens.com\/wedding\/video\/01_dance.mp4\" controls=\"\" preload=\"metadata\"><\/video>\n\t\t\t\t<\/div>\n\t\t\t\t\t\t<\/div>\n\t\t\t\t<\/div>\n\t\t\t\t<div class=\"elementor-element elementor-element-7f953fe elementor-widget__width-initial elementor-widget elementor-widget-video\" data-id=\"7f953fe\" data-element_type=\"widget\" data-e-type=\"widget\" data-settings=\"{&quot;video_type&quot;:&quot;hosted&quot;,&quot;controls&quot;:&quot;yes&quot;}\" data-widget_type=\"video.default\">\n\t\t\t\t<div class=\"elementor-widget-container\">\n\t\t\t\t\t\t\t<div class=\"e-hosted-video elementor-wrapper elementor-open-inline\">\n\t\t\t\t\t<video class=\"elementor-video\" src=\"https:\/\/www.thejasiens.com\/wedding\/video\/02_short.mp4\" controls=\"\" preload=\"metadata\"><\/video>\n\t\t\t\t<\/div>\n\t\t\t\t\t\t<\/div>\n\t\t\t\t<\/div>\n\t\t\t\t<div class=\"elementor-element elementor-element-20a5155 elementor-widget__width-initial elementor-widget elementor-widget-video\" data-id=\"20a5155\" data-element_type=\"widget\" data-e-type=\"widget\" data-settings=\"{&quot;video_type&quot;:&quot;hosted&quot;,&quot;controls&quot;:&quot;yes&quot;}\" data-widget_type=\"video.default\">\n\t\t\t\t<div class=\"elementor-widget-container\">\n\t\t\t\t\t\t\t<div class=\"e-hosted-video elementor-wrapper elementor-open-inline\">\n\t\t\t\t\t<video class=\"elementor-video\" src=\"https:\/\/www.thejasiens.com\/wedding\/video\/03_long.mp4\" controls=\"\" preload=\"metadata\"><\/video>\n\t\t\t\t<\/div>\n\t\t\t\t\t\t<\/div>\n\t\t\t\t<\/div>\n\t\t\t\t\t<\/div>\n\t\t<\/div>\n\t\t\t\t\t<\/div>\n\t\t<\/section>\n\t\t\t\t<\/div>\n\t\t","protected":false},"excerpt":{"rendered":"<p>Our Story Nathan and \u0160\u00e1rka met in August of 2015. They were both online, viewed each other\u2019s profiles, and quickly made contact. The next day, August 10, they met for dinner and quickly became best friends. For the next 18 months, they fell in love and traveled to many places. Nathan proposed to \u0160\u00e1rka in &#8230; <a title=\"Wedding\" class=\"read-more\" href=\"https:\/\/thejasiens.com\/wedding\/\" aria-label=\"Read more about Wedding\">\u010c\u00edst d\u00e1l<\/a><\/p>\n","protected":false},"author":1,"featured_media":0,"parent":0,"menu_order":0,"comment_status":"closed","ping_status":"closed","template":"elementor_header_footer","meta":{"_exactmetrics_skip_tracking":false,"_exactmetrics_sitenote_active":false,"_exactmetrics_sitenote_note":"","_exactmetrics_sitenote_category":0,"footnotes":""},"class_list":["post-5","page","type-page","status-publish"],"_links":{"self":[{"href":"https:\/\/thejasiens.com\/wedding\/wp-json\/wp\/v2\/pages\/5","targetHints":{"allow":["GET"]}}],"collection":[{"href":"https:\/\/thejasiens.com\/wedding\/wp-json\/wp\/v2\/pages"}],"about":[{"href":"https:\/\/thejasiens.com\/wedding\/wp-json\/wp\/v2\/types\/page"}],"author":[{"embeddable":true,"href":"https:\/\/thejasiens.com\/wedding\/wp-json\/wp\/v2\/users\/1"}],"replies":[{"embeddable":true,"href":"https:\/\/thejasiens.com\/wedding\/wp-json\/wp\/v2\/comments?post=5"}],"version-history":[{"count":61,"href":"https:\/\/thejasiens.com\/wedding\/wp-json\/wp\/v2\/pages\/5\/revisions"}],"predecessor-version":[{"id":183,"href":"https:\/\/thejasiens.com\/wedding\/wp-json\/wp\/v2\/pages\/5\/revisions\/183"}],"wp:attachment":[{"href":"https:\/\/thejasiens.com\/wedding\/wp-json\/wp\/v2\/media?parent=5"}],"curies":[{"name":"wp","href":"https:\/\/api.w.org\/{rel}","templated":true}]}}